{"id":219,"date":"2014-10-13T05:54:45","date_gmt":"2014-10-13T05:54:45","guid":{"rendered":"http:\/\/themes.webinane.com\/wp\/personal\/?page_id=219"},"modified":"2023-09-12T11:32:01","modified_gmt":"2023-09-12T15:32:01","slug":"blogue-immobilier-et-condos-de-montreal","status":"publish","type":"page","link":"https:\/\/www.guideimmo.ca\/articles\/blogue-immobilier-et-condos-de-montreal\/","title":{"rendered":"Blogue immobilier et condos de Montr\u00e9al"},"content":{"rendered":"","protected":false},"excerpt":{"rendered":"","protected":false},"author":1,"featured_media":0,"parent":0,"menu_order":0,"comment_status":"closed","ping_status":"closed","template":"","meta":{"footnotes":""},"class_list":["post-219","page","type-page","status-publish","hentry"],"yoast_head":"<!-- This site is optimized with the Yoast SEO plugin v27.4 - https:\/\/yoast.com\/product\/yoast-seo-wordpress\/ -->\n<title>Blogue sur l&#039;immobilier au Qu\u00e9bec<\/title>\n<meta name=\"description\" content=\"Le blogue de Montreal Guide Condo s&#039;adresse aux passionn\u00e9s de design, d&#039;architecture et d&#039;immobilier du Qu\u00e9bec. Le blogue propose une vari\u00e9t\u00e9 de contenus, notamment des analyses de projets immobiliers, des conseils en design, des conseils d&#039;experts en immobilier, ainsi que la couverture m\u00e9diatique des \u00e9v\u00e9nements li\u00e9s aux projets immobiliers.\" \/>\n<meta name=\"robots\" content=\"index, follow, max-snippet:-1, max-image-preview:large, max-video-preview:-1\" \/>\n<link rel=\"canonical\" href=\"https:\/\/www.guideimmo.ca\/articles\/blogue-immobilier-et-condos-de-montreal\/\" \/>\n<meta property=\"og:locale\" content=\"fr_CA\" \/>\n<meta property=\"og:type\" content=\"article\" \/>\n<meta property=\"og:title\" content=\"Blogue immobilier et condos de Montr\u00e9al\" \/>\n<meta property=\"og:description\" content=\"Analyse de projets d&#039;habitation, design, architecture, articles exclusifs. MTLGC vous offre un tour d&#039;horizon des tendances en l&#039;immobilier. Propuls\u00e9 par Montreal Guide Condo.\" \/>\n<meta property=\"og:url\" content=\"https:\/\/www.guideimmo.ca\/articles\/blogue-immobilier-et-condos-de-montreal\/\" \/>\n<meta property=\"og:site_name\" content=\"Guide Immo | Articles\" \/>\n<meta property=\"article:publisher\" content=\"https:\/\/www.facebook.com\/siloimmoweb\" \/>\n<meta property=\"article:modified_time\" content=\"2023-09-12T15:32:01+00:00\" \/>\n<meta name=\"twitter:card\" content=\"summary_large_image\" \/>\n<meta name=\"twitter:title\" content=\"Critique, design, architecture, et plus!\" \/>\n<meta name=\"twitter:description\" content=\"Analyse de projets d&#039;habitation, design, architecture, articles exclusifs. MTLGC vous offre un tour d&#039;horizon des tendances en l&#039;immobilier. Propuls\u00e9 par Montreal Guide Condo.\" \/>\n<script type=\"application\/ld+json\" class=\"yoast-schema-graph\">{\"@context\":\"https:\\\/\\\/schema.org\",\"@graph\":[{\"@type\":\"WebPage\",\"@id\":\"https:\\\/\\\/www.guideimmo.ca\\\/articles\\\/blogue-immobilier-et-condos-de-montreal\\\/\",\"url\":\"https:\\\/\\\/www.guideimmo.ca\\\/articles\\\/blogue-immobilier-et-condos-de-montreal\\\/\",\"name\":\"Blogue sur l'immobilier au Qu\u00e9bec\",\"isPartOf\":{\"@id\":\"https:\\\/\\\/www.guideimmo.ca\\\/articles\\\/#website\"},\"datePublished\":\"2014-10-13T05:54:45+00:00\",\"dateModified\":\"2023-09-12T15:32:01+00:00\",\"description\":\"Le blogue de Montreal Guide Condo s'adresse aux passionn\u00e9s de design, d'architecture et d'immobilier du Qu\u00e9bec. Le blogue propose une vari\u00e9t\u00e9 de contenus, notamment des analyses de projets immobiliers, des conseils en design, des conseils d'experts en immobilier, ainsi que la couverture m\u00e9diatique des \u00e9v\u00e9nements li\u00e9s aux projets immobiliers.\",\"breadcrumb\":{\"@id\":\"https:\\\/\\\/www.guideimmo.ca\\\/articles\\\/blogue-immobilier-et-condos-de-montreal\\\/#breadcrumb\"},\"inLanguage\":\"fr-CA\",\"potentialAction\":[{\"@type\":\"ReadAction\",\"target\":[\"https:\\\/\\\/www.guideimmo.ca\\\/articles\\\/blogue-immobilier-et-condos-de-montreal\\\/\"]}]},{\"@type\":\"BreadcrumbList\",\"@id\":\"https:\\\/\\\/www.guideimmo.ca\\\/articles\\\/blogue-immobilier-et-condos-de-montreal\\\/#breadcrumb\",\"itemListElement\":[{\"@type\":\"ListItem\",\"position\":1,\"name\":\"Home\",\"item\":\"https:\\\/\\\/www.guideimmo.ca\\\/articles\\\/\"},{\"@type\":\"ListItem\",\"position\":2,\"name\":\"Blogue immobilier et condos de Montr\u00e9al\"}]},{\"@type\":\"WebSite\",\"@id\":\"https:\\\/\\\/www.guideimmo.ca\\\/articles\\\/#website\",\"url\":\"https:\\\/\\\/www.guideimmo.ca\\\/articles\\\/\",\"name\":\"Guide Immo | Articles\",\"description\":\"Explorez, inspirez, twistez votre espace de vie avec Latwist.immo !\",\"publisher\":{\"@id\":\"https:\\\/\\\/www.guideimmo.ca\\\/articles\\\/#organization\"},\"potentialAction\":[{\"@type\":\"SearchAction\",\"target\":{\"@type\":\"EntryPoint\",\"urlTemplate\":\"https:\\\/\\\/www.guideimmo.ca\\\/articles\\\/?s={search_term_string}\"},\"query-input\":{\"@type\":\"PropertyValueSpecification\",\"valueRequired\":true,\"valueName\":\"search_term_string\"}}],\"inLanguage\":\"fr-CA\"},{\"@type\":\"Organization\",\"@id\":\"https:\\\/\\\/www.guideimmo.ca\\\/articles\\\/#organization\",\"name\":\"Guide Immo\",\"url\":\"https:\\\/\\\/www.guideimmo.ca\\\/articles\\\/\",\"logo\":{\"@type\":\"ImageObject\",\"inLanguage\":\"fr-CA\",\"@id\":\"https:\\\/\\\/www.guideimmo.ca\\\/articles\\\/#\\\/schema\\\/logo\\\/image\\\/\",\"url\":\"https:\\\/\\\/www.guideimmo.ca\\\/articles\\\/wp-content\\\/uploads\\\/2024\\\/01\\\/guide-immo.png\",\"contentUrl\":\"https:\\\/\\\/www.guideimmo.ca\\\/articles\\\/wp-content\\\/uploads\\\/2024\\\/01\\\/guide-immo.png\",\"width\":387,\"height\":300,\"caption\":\"Guide Immo\"},\"image\":{\"@id\":\"https:\\\/\\\/www.guideimmo.ca\\\/articles\\\/#\\\/schema\\\/logo\\\/image\\\/\"},\"sameAs\":[\"https:\\\/\\\/www.facebook.com\\\/siloimmoweb\",\"https:\\\/\\\/www.pinterest.com\\\/mtlguidecondo\\\/\",\"https:\\\/\\\/www.youtube.com\\\/user\\\/MontrealGuideCondo\"]}]}<\/script>\n<!-- \/ Yoast SEO plugin. -->","yoast_head_json":{"title":"Blogue sur l'immobilier au Qu\u00e9bec","description":"Le blogue de Montreal Guide Condo s'adresse aux passionn\u00e9s de design, d'architecture et d'immobilier du Qu\u00e9bec. Le blogue propose une vari\u00e9t\u00e9 de contenus, notamment des analyses de projets immobiliers, des conseils en design, des conseils d'experts en immobilier, ainsi que la couverture m\u00e9diatique des \u00e9v\u00e9nements li\u00e9s aux projets immobiliers.","robots":{"index":"index","follow":"follow","max-snippet":"max-snippet:-1","max-image-preview":"max-image-preview:large","max-video-preview":"max-video-preview:-1"},"canonical":"https:\/\/www.guideimmo.ca\/articles\/blogue-immobilier-et-condos-de-montreal\/","og_locale":"fr_CA","og_type":"article","og_title":"Blogue immobilier et condos de Montr\u00e9al","og_description":"Analyse de projets d'habitation, design, architecture, articles exclusifs. MTLGC vous offre un tour d'horizon des tendances en l'immobilier. Propuls\u00e9 par Montreal Guide Condo.","og_url":"https:\/\/www.guideimmo.ca\/articles\/blogue-immobilier-et-condos-de-montreal\/","og_site_name":"Guide Immo | Articles","article_publisher":"https:\/\/www.facebook.com\/siloimmoweb","article_modified_time":"2023-09-12T15:32:01+00:00","twitter_card":"summary_large_image","twitter_title":"Critique, design, architecture, et plus!","twitter_description":"Analyse de projets d'habitation, design, architecture, articles exclusifs. MTLGC vous offre un tour d'horizon des tendances en l'immobilier. Propuls\u00e9 par Montreal Guide Condo.","schema":{"@context":"https:\/\/schema.org","@graph":[{"@type":"WebPage","@id":"https:\/\/www.guideimmo.ca\/articles\/blogue-immobilier-et-condos-de-montreal\/","url":"https:\/\/www.guideimmo.ca\/articles\/blogue-immobilier-et-condos-de-montreal\/","name":"Blogue sur l'immobilier au Qu\u00e9bec","isPartOf":{"@id":"https:\/\/www.guideimmo.ca\/articles\/#website"},"datePublished":"2014-10-13T05:54:45+00:00","dateModified":"2023-09-12T15:32:01+00:00","description":"Le blogue de Montreal Guide Condo s'adresse aux passionn\u00e9s de design, d'architecture et d'immobilier du Qu\u00e9bec. Le blogue propose une vari\u00e9t\u00e9 de contenus, notamment des analyses de projets immobiliers, des conseils en design, des conseils d'experts en immobilier, ainsi que la couverture m\u00e9diatique des \u00e9v\u00e9nements li\u00e9s aux projets immobiliers.","breadcrumb":{"@id":"https:\/\/www.guideimmo.ca\/articles\/blogue-immobilier-et-condos-de-montreal\/#breadcrumb"},"inLanguage":"fr-CA","potentialAction":[{"@type":"ReadAction","target":["https:\/\/www.guideimmo.ca\/articles\/blogue-immobilier-et-condos-de-montreal\/"]}]},{"@type":"BreadcrumbList","@id":"https:\/\/www.guideimmo.ca\/articles\/blogue-immobilier-et-condos-de-montreal\/#breadcrumb","itemListElement":[{"@type":"ListItem","position":1,"name":"Home","item":"https:\/\/www.guideimmo.ca\/articles\/"},{"@type":"ListItem","position":2,"name":"Blogue immobilier et condos de Montr\u00e9al"}]},{"@type":"WebSite","@id":"https:\/\/www.guideimmo.ca\/articles\/#website","url":"https:\/\/www.guideimmo.ca\/articles\/","name":"Guide Immo | Articles","description":"Explorez, inspirez, twistez votre espace de vie avec Latwist.immo !","publisher":{"@id":"https:\/\/www.guideimmo.ca\/articles\/#organization"},"potentialAction":[{"@type":"SearchAction","target":{"@type":"EntryPoint","urlTemplate":"https:\/\/www.guideimmo.ca\/articles\/?s={search_term_string}"},"query-input":{"@type":"PropertyValueSpecification","valueRequired":true,"valueName":"search_term_string"}}],"inLanguage":"fr-CA"},{"@type":"Organization","@id":"https:\/\/www.guideimmo.ca\/articles\/#organization","name":"Guide Immo","url":"https:\/\/www.guideimmo.ca\/articles\/","logo":{"@type":"ImageObject","inLanguage":"fr-CA","@id":"https:\/\/www.guideimmo.ca\/articles\/#\/schema\/logo\/image\/","url":"https:\/\/www.guideimmo.ca\/articles\/wp-content\/uploads\/2024\/01\/guide-immo.png","contentUrl":"https:\/\/www.guideimmo.ca\/articles\/wp-content\/uploads\/2024\/01\/guide-immo.png","width":387,"height":300,"caption":"Guide Immo"},"image":{"@id":"https:\/\/www.guideimmo.ca\/articles\/#\/schema\/logo\/image\/"},"sameAs":["https:\/\/www.facebook.com\/siloimmoweb","https:\/\/www.pinterest.com\/mtlguidecondo\/","https:\/\/www.youtube.com\/user\/MontrealGuideCondo"]}]}},"_links":{"self":[{"href":"https:\/\/www.guideimmo.ca\/articles\/wp-json\/wp\/v2\/pages\/219","targetHints":{"allow":["GET"]}}],"collection":[{"href":"https:\/\/www.guideimmo.ca\/articles\/wp-json\/wp\/v2\/pages"}],"about":[{"href":"https:\/\/www.guideimmo.ca\/articles\/wp-json\/wp\/v2\/types\/page"}],"author":[{"embeddable":true,"href":"https:\/\/www.guideimmo.ca\/articles\/wp-json\/wp\/v2\/users\/1"}],"replies":[{"embeddable":true,"href":"https:\/\/www.guideimmo.ca\/articles\/wp-json\/wp\/v2\/comments?post=219"}],"version-history":[{"count":2,"href":"https:\/\/www.guideimmo.ca\/articles\/wp-json\/wp\/v2\/pages\/219\/revisions"}],"predecessor-version":[{"id":12303,"href":"https:\/\/www.guideimmo.ca\/articles\/wp-json\/wp\/v2\/pages\/219\/revisions\/12303"}],"wp:attachment":[{"href":"https:\/\/www.guideimmo.ca\/articles\/wp-json\/wp\/v2\/media?parent=219"}],"curies":[{"name":"wp","href":"https:\/\/api.w.org\/{rel}","templated":true}]}}